{"id":1020,"date":"2024-09-09T14:48:30","date_gmt":"2024-09-09T14:48:30","guid":{"rendered":"http:\/\/shantimassagecentermarbella.com\/?page_id=1020"},"modified":"2024-10-09T12:59:50","modified_gmt":"2024-10-09T12:59:50","slug":"terms-and-conditions","status":"publish","type":"page","link":"https:\/\/shantimassagecentermarbella.com\/es\/terms-and-conditions\/","title":{"rendered":"Condiciones generales"},"content":{"rendered":"<div data-elementor-type=\"wp-page\" data-elementor-id=\"1020\" class=\"elementor elementor-1020\" data-elementor-post-type=\"page\">\n\t\t\t\t<div class=\"elementor-element elementor-element-60a9906 e-con-full e-flex e-con e-parent\" data-id=\"60a9906\" data-element_type=\"container\" data-settings=\"{&quot;background_background&quot;:&quot;classic&quot;}\">\n\t\t\t\t<div class=\"elementor-element elementor-element-ca56eed elementor-widget elementor-widget-heading\" data-id=\"ca56eed\" data-element_type=\"widget\" data-widget_type=\"heading.default\">\n\t\t\t\t<div class=\"elementor-widget-container\">\n\t\t\t<style>\/*! elementor - v3.21.0 - 20-05-2024 *\/\n.elementor-heading-title{padding:0;margin:0;line-height:1}.elementor-widget-heading .elementor-heading-title[class*=elementor-size-]>a{color:inherit;font-size:inherit;line-height:inherit}.elementor-widget-heading .elementor-heading-title.elementor-size-small{font-size:15px}.elementor-widget-heading .elementor-heading-title.elementor-size-medium{font-size:19px}.elementor-widget-heading .elementor-heading-title.elementor-size-large{font-size:29px}.elementor-widget-heading .elementor-heading-title.elementor-size-xl{font-size:39px}.elementor-widget-heading .elementor-heading-title.elementor-size-xxl{font-size:59px}<\/style><h2 class=\"elementor-heading-title elementor-size-default\">Condiciones generales<\/h2>\t\t<\/div>\n\t\t\t\t<\/div>\n\t\t\t\t<div class=\"elementor-element elementor-element-dcdf55b elementor-widget elementor-widget-text-editor\" data-id=\"dcdf55b\" data-element_type=\"widget\" data-widget_type=\"text-editor.default\">\n\t\t\t\t<div class=\"elementor-widget-container\">\n\t\t\t<style>\/*! elementor - v3.21.0 - 20-05-2024 *\/\n.elementor-widget-text-editor.elementor-drop-cap-view-stacked .elementor-drop-cap{background-color:#69727d;color:#fff}.elementor-widget-text-editor.elementor-drop-cap-view-framed .elementor-drop-cap{color:#69727d;border:3px solid;background-color:transparent}.elementor-widget-text-editor:not(.elementor-drop-cap-view-default) .elementor-drop-cap{margin-top:8px}.elementor-widget-text-editor:not(.elementor-drop-cap-view-default) .elementor-drop-cap-letter{width:1em;height:1em}.elementor-widget-text-editor .elementor-drop-cap{float:left;text-align:center;line-height:1;font-size:50px}.elementor-widget-text-editor .elementor-drop-cap-letter{display:inline-block}<\/style>\t\t\t\t<p><strong>1. Introducci\u00f3n<\/strong><br \/>Bienvenido a Shanti Massage Center Marbella. Al acceder o utilizar nuestro sitio web (shantimassagecentermarbella.com), usted acepta cumplir y estar obligado por los siguientes t\u00e9rminos y condiciones. Si no est\u00e1 de acuerdo con estos t\u00e9rminos, por favor no utilice nuestro sitio web.<\/p><p><strong>2. Servicios<\/strong><br \/>Ofrecemos servicios de terapia de masaje que se pueden reservar a trav\u00e9s de nuestro sitio web. Los servicios ofrecidos, incluidas sus descripciones y precios, est\u00e1n sujetos a cambios sin previo aviso. Nos reservamos el derecho a modificar o interrumpir cualquier servicio sin previo aviso.<\/p><p><strong>3. Reserva y pago<\/strong><br \/>Al reservar un servicio, usted se compromete a proporcionar informaci\u00f3n precisa y completa. Se requiere un dep\u00f3sito de 25% del precio total para confirmar su reserva. El saldo restante deber\u00e1 abonarse en el momento de la cita. Los pagos pueden efectuarse mediante los m\u00e9todos indicados en nuestro sitio web.<\/p><p><strong>4. 4. Pol\u00edtica de cancelaci\u00f3n<\/strong><br \/>Las cancelaciones efectuadas al menos 24 horas antes de la cita programada dan derecho a la devoluci\u00f3n \u00edntegra del dep\u00f3sito. Las cancelaciones realizadas con menos de 24 horas de antelaci\u00f3n pueden conllevar la p\u00e9rdida del dep\u00f3sito. P\u00f3ngase en contacto con nosotros directamente para cualquier solicitud de cancelaci\u00f3n.<\/p><p><strong>5. Responsabilidad<\/strong><br \/>Nuestro objetivo es proporcionar un entorno seguro y profesional para nuestros servicios. Sin embargo, Shanti Massage Center Marbella no se hace responsable de las lesiones, condiciones de salud o da\u00f1os derivados de la utilizaci\u00f3n de nuestros servicios. Siempre consulte con un proveedor de atenci\u00f3n m\u00e9dica antes de someterse a cualquier tratamiento si usted tiene preocupaciones m\u00e9dicas.<\/p><p><strong>6. Privacidad<\/strong><br \/>Su privacidad es importante para nosotros. Consulte nuestra <a href=\"https:\/\/shantimassagecentermarbella.com\/privacy-policy\">Pol\u00edtica de privacidad<\/a> para obtener informaci\u00f3n sobre c\u00f3mo recopilamos, utilizamos y protegemos sus datos personales.<\/p><p><strong>7. Modificaci\u00f3n de las condiciones<\/strong><br \/>Nos reservamos el derecho a actualizar o modificar estas condiciones en cualquier momento. El uso continuado del sitio web despu\u00e9s de dichos cambios indicar\u00e1 su aceptaci\u00f3n de los nuevos t\u00e9rminos.<\/p><p><strong>8. 8. Informaci\u00f3n de contacto<\/strong><br \/>Si tiene preguntas o dudas sobre estas condiciones, p\u00f3ngase en contacto con nosotros por correo electr\u00f3nico o por tel\u00e9fono, disponibles en la p\u00e1gina de contacto de nuestro sitio web.<\/p>\t\t\t\t\t\t<\/div>\n\t\t\t\t<\/div>\n\t\t\t\t<\/div>\n\t\t\t\t<\/div>","protected":false},"excerpt":{"rendered":"<p>T\u00e9rminos y Condiciones 1. Introducci\u00f3n Introducci\u00f3nBienvenido a Shanti Massage Center Marbella. Al acceder o utilizar nuestro sitio web (shantimassagecentermarbella.com), usted acepta cumplir y estar obligado por los siguientes t\u00e9rminos y condiciones. Si no est\u00e1 de acuerdo con estos t\u00e9rminos, por favor no utilice nuestro sitio web. 2. ServiciosProporcionamos servicios de terapia de masaje que se pueden reservar a trav\u00e9s de [...]<\/p>","protected":false},"author":1,"featured_media":0,"parent":0,"menu_order":0,"comment_status":"closed","ping_status":"closed","template":"","meta":{"footnotes":""},"yoast_head":"<!-- This site is optimized with the Yoast SEO plugin v22.8 - https:\/\/yoast.com\/wordpress\/plugins\/seo\/ -->\n<title>Terms And Conditions - Shanti Massage Center Marbella<\/title>\n<meta name=\"robots\" content=\"index, follow, max-snippet:-1, max-image-preview:large, max-video-preview:-1\" \/>\n<link rel=\"canonical\" href=\"https:\/\/shantimassagecentermarbella.com\/es\/terms-and-conditions\/\" \/>\n<meta property=\"og:locale\" content=\"es_ES\" \/>\n<meta property=\"og:type\" content=\"article\" \/>\n<meta property=\"og:title\" content=\"Terms And Conditions - Shanti Massage Center Marbella\" \/>\n<meta property=\"og:description\" content=\"Terms and Conditions 1. IntroductionWelcome to Shanti Massage Center Marbella. By accessing or using our website (shantimassagecentermarbella.com), you agree to comply with and be bound by the following terms and conditions. If you do not agree to these terms, please do not use our website. 2. ServicesWe provide massage therapy services that are bookable through [&hellip;]\" \/>\n<meta property=\"og:url\" content=\"https:\/\/shantimassagecentermarbella.com\/es\/terms-and-conditions\/\" \/>\n<meta property=\"og:site_name\" content=\"Shanti Massage Center Marbella\" \/>\n<meta property=\"article:modified_time\" content=\"2024-10-09T12:59:50+00:00\" \/>\n<meta name=\"twitter:card\" content=\"summary_large_image\" \/>\n<meta name=\"twitter:label1\" content=\"Tiempo de lectura\" \/>\n\t<meta name=\"twitter:data1\" content=\"2 minutos\" \/>\n<script type=\"application\/ld+json\" class=\"yoast-schema-graph\">{\"@context\":\"https:\/\/schema.org\",\"@graph\":[{\"@type\":\"WebPage\",\"@id\":\"https:\/\/shantimassagecentermarbella.com\/terms-and-conditions\/\",\"url\":\"https:\/\/shantimassagecentermarbella.com\/terms-and-conditions\/\",\"name\":\"Terms And Conditions - Shanti Massage Center Marbella\",\"isPartOf\":{\"@id\":\"https:\/\/shantimassagecentermarbella.com\/#website\"},\"datePublished\":\"2024-09-09T14:48:30+00:00\",\"dateModified\":\"2024-10-09T12:59:50+00:00\",\"breadcrumb\":{\"@id\":\"https:\/\/shantimassagecentermarbella.com\/terms-and-conditions\/#breadcrumb\"},\"inLanguage\":\"es\",\"potentialAction\":[{\"@type\":\"ReadAction\",\"target\":[\"https:\/\/shantimassagecentermarbella.com\/terms-and-conditions\/\"]}]},{\"@type\":\"BreadcrumbList\",\"@id\":\"https:\/\/shantimassagecentermarbella.com\/terms-and-conditions\/#breadcrumb\",\"itemListElement\":[{\"@type\":\"ListItem\",\"position\":1,\"name\":\"Home\",\"item\":\"https:\/\/shantimassagecentermarbella.com\/\"},{\"@type\":\"ListItem\",\"position\":2,\"name\":\"Terms And Conditions\"}]},{\"@type\":\"WebSite\",\"@id\":\"https:\/\/shantimassagecentermarbella.com\/#website\",\"url\":\"https:\/\/shantimassagecentermarbella.com\/\",\"name\":\"Shanti Massage Center Marbella\",\"description\":\"Descubre Shanti Massage Center en Puerto Ban\u00fas, Marbella, tu destino ideal para la sanaci\u00f3n hol\u00edstica y la relajaci\u00f3n. Ofrecemos t\u00e9cnicas de masaje avanzadas y terapias personalizadas. Experimenta la reducci\u00f3n del estr\u00e9s, mejora de la flexibilidad y paz interior con nuestros servicios expertos. Vis\u00edtanos en Puerto Ban\u00fas, Marbella, y transforma tu bienestar.\",\"publisher\":{\"@id\":\"https:\/\/shantimassagecentermarbella.com\/#organization\"},\"potentialAction\":[{\"@type\":\"SearchAction\",\"target\":{\"@type\":\"EntryPoint\",\"urlTemplate\":\"https:\/\/shantimassagecentermarbella.com\/?s={search_term_string}\"},\"query-input\":\"required name=search_term_string\"}],\"inLanguage\":\"es\"},{\"@type\":\"Organization\",\"@id\":\"https:\/\/shantimassagecentermarbella.com\/#organization\",\"name\":\"Shanti Massage Center Marbella\",\"url\":\"https:\/\/shantimassagecentermarbella.com\/\",\"logo\":{\"@type\":\"ImageObject\",\"inLanguage\":\"es\",\"@id\":\"https:\/\/shantimassagecentermarbella.com\/#\/schema\/logo\/image\/\",\"url\":\"https:\/\/shantimassagecentermarbella.com\/wp-content\/uploads\/2024\/05\/ENTRADA_DE_VIDRIO_page-0001-removebg-preview.png\",\"contentUrl\":\"https:\/\/shantimassagecentermarbella.com\/wp-content\/uploads\/2024\/05\/ENTRADA_DE_VIDRIO_page-0001-removebg-preview.png\",\"width\":647,\"height\":386,\"caption\":\"Shanti Massage Center Marbella\"},\"image\":{\"@id\":\"https:\/\/shantimassagecentermarbella.com\/#\/schema\/logo\/image\/\"}}]}<\/script>\n<!-- \/ Yoast SEO plugin. -->","yoast_head_json":{"title":"Terms And Conditions - Shanti Massage Center Marbella","robots":{"index":"index","follow":"follow","max-snippet":"max-snippet:-1","max-image-preview":"max-image-preview:large","max-video-preview":"max-video-preview:-1"},"canonical":"https:\/\/shantimassagecentermarbella.com\/es\/terms-and-conditions\/","og_locale":"es_ES","og_type":"article","og_title":"Terms And Conditions - Shanti Massage Center Marbella","og_description":"Terms and Conditions 1. IntroductionWelcome to Shanti Massage Center Marbella. By accessing or using our website (shantimassagecentermarbella.com), you agree to comply with and be bound by the following terms and conditions. If you do not agree to these terms, please do not use our website. 2. ServicesWe provide massage therapy services that are bookable through [&hellip;]","og_url":"https:\/\/shantimassagecentermarbella.com\/es\/terms-and-conditions\/","og_site_name":"Shanti Massage Center Marbella","article_modified_time":"2024-10-09T12:59:50+00:00","twitter_card":"summary_large_image","twitter_misc":{"Tiempo de lectura":"2 minutos"},"schema":{"@context":"https:\/\/schema.org","@graph":[{"@type":"WebPage","@id":"https:\/\/shantimassagecentermarbella.com\/terms-and-conditions\/","url":"https:\/\/shantimassagecentermarbella.com\/terms-and-conditions\/","name":"Terms And Conditions - Shanti Massage Center Marbella","isPartOf":{"@id":"https:\/\/shantimassagecentermarbella.com\/#website"},"datePublished":"2024-09-09T14:48:30+00:00","dateModified":"2024-10-09T12:59:50+00:00","breadcrumb":{"@id":"https:\/\/shantimassagecentermarbella.com\/terms-and-conditions\/#breadcrumb"},"inLanguage":"es","potentialAction":[{"@type":"ReadAction","target":["https:\/\/shantimassagecentermarbella.com\/terms-and-conditions\/"]}]},{"@type":"BreadcrumbList","@id":"https:\/\/shantimassagecentermarbella.com\/terms-and-conditions\/#breadcrumb","itemListElement":[{"@type":"ListItem","position":1,"name":"Home","item":"https:\/\/shantimassagecentermarbella.com\/"},{"@type":"ListItem","position":2,"name":"Terms And Conditions"}]},{"@type":"WebSite","@id":"https:\/\/shantimassagecentermarbella.com\/#website","url":"https:\/\/shantimassagecentermarbella.com\/","name":"Shanti Massage Center Marbella","description":"Descubre Shanti Massage Center en Puerto Ban\u00fas, Marbella, tu destino ideal para la sanaci\u00f3n hol\u00edstica y la relajaci\u00f3n. Ofrecemos t\u00e9cnicas de masaje avanzadas y terapias personalizadas. Experimenta la reducci\u00f3n del estr\u00e9s, mejora de la flexibilidad y paz interior con nuestros servicios expertos. Vis\u00edtanos en Puerto Ban\u00fas, Marbella, y transforma tu bienestar.","publisher":{"@id":"https:\/\/shantimassagecentermarbella.com\/#organization"},"potentialAction":[{"@type":"SearchAction","target":{"@type":"EntryPoint","urlTemplate":"https:\/\/shantimassagecentermarbella.com\/?s={search_term_string}"},"query-input":"required name=search_term_string"}],"inLanguage":"es"},{"@type":"Organization","@id":"https:\/\/shantimassagecentermarbella.com\/#organization","name":"Shanti Massage Center Marbella","url":"https:\/\/shantimassagecentermarbella.com\/","logo":{"@type":"ImageObject","inLanguage":"es","@id":"https:\/\/shantimassagecentermarbella.com\/#\/schema\/logo\/image\/","url":"https:\/\/shantimassagecentermarbella.com\/wp-content\/uploads\/2024\/05\/ENTRADA_DE_VIDRIO_page-0001-removebg-preview.png","contentUrl":"https:\/\/shantimassagecentermarbella.com\/wp-content\/uploads\/2024\/05\/ENTRADA_DE_VIDRIO_page-0001-removebg-preview.png","width":647,"height":386,"caption":"Shanti Massage Center Marbella"},"image":{"@id":"https:\/\/shantimassagecentermarbella.com\/#\/schema\/logo\/image\/"}}]}},"_links":{"self":[{"href":"https:\/\/shantimassagecentermarbella.com\/es\/wp-json\/wp\/v2\/pages\/1020"}],"collection":[{"href":"https:\/\/shantimassagecentermarbella.com\/es\/wp-json\/wp\/v2\/pages"}],"about":[{"href":"https:\/\/shantimassagecentermarbella.com\/es\/wp-json\/wp\/v2\/types\/page"}],"author":[{"embeddable":true,"href":"https:\/\/shantimassagecentermarbella.com\/es\/wp-json\/wp\/v2\/users\/1"}],"replies":[{"embeddable":true,"href":"https:\/\/shantimassagecentermarbella.com\/es\/wp-json\/wp\/v2\/comments?post=1020"}],"version-history":[{"count":15,"href":"https:\/\/shantimassagecentermarbella.com\/es\/wp-json\/wp\/v2\/pages\/1020\/revisions"}],"predecessor-version":[{"id":1590,"href":"https:\/\/shantimassagecentermarbella.com\/es\/wp-json\/wp\/v2\/pages\/1020\/revisions\/1590"}],"wp:attachment":[{"href":"https:\/\/shantimassagecentermarbella.com\/es\/wp-json\/wp\/v2\/media?parent=1020"}],"curies":[{"name":"wp","href":"https:\/\/api.w.org\/{rel}","templated":true}]}}