{"id":1577,"date":"2024-10-09T12:54:07","date_gmt":"2024-10-09T12:54:07","guid":{"rendered":"https:\/\/shantimassagecentermarbella.com\/?page_id=1577"},"modified":"2024-10-09T12:56:27","modified_gmt":"2024-10-09T12:56:27","slug":"cookies-policy","status":"publish","type":"page","link":"https:\/\/shantimassagecentermarbella.com\/es\/cookies-policy\/","title":{"rendered":"Pol\u00edtica de cookies"},"content":{"rendered":"<div data-elementor-type=\"wp-page\" data-elementor-id=\"1577\" class=\"elementor elementor-1577\" data-elementor-post-type=\"page\">\n\t\t\t\t<div class=\"elementor-element elementor-element-33eb563 e-con-full e-flex e-con e-parent\" data-id=\"33eb563\" data-element_type=\"container\" data-settings=\"{&quot;background_background&quot;:&quot;classic&quot;}\">\n\t\t\t\t<div class=\"elementor-element elementor-element-6371180 elementor-widget elementor-widget-heading\" data-id=\"6371180\" data-element_type=\"widget\" data-widget_type=\"heading.default\">\n\t\t\t\t<div class=\"elementor-widget-container\">\n\t\t\t<style>\/*! elementor - v3.21.0 - 20-05-2024 *\/\n.elementor-heading-title{padding:0;margin:0;line-height:1}.elementor-widget-heading .elementor-heading-title[class*=elementor-size-]>a{color:inherit;font-size:inherit;line-height:inherit}.elementor-widget-heading .elementor-heading-title.elementor-size-small{font-size:15px}.elementor-widget-heading .elementor-heading-title.elementor-size-medium{font-size:19px}.elementor-widget-heading .elementor-heading-title.elementor-size-large{font-size:29px}.elementor-widget-heading .elementor-heading-title.elementor-size-xl{font-size:39px}.elementor-widget-heading .elementor-heading-title.elementor-size-xxl{font-size:59px}<\/style><h2 class=\"elementor-heading-title elementor-size-default\">Pol\u00edtica de cookies<\/h2>\t\t<\/div>\n\t\t\t\t<\/div>\n\t\t\t\t<div class=\"elementor-element elementor-element-63eba46 elementor-widget elementor-widget-text-editor\" data-id=\"63eba46\" data-element_type=\"widget\" data-widget_type=\"text-editor.default\">\n\t\t\t\t<div class=\"elementor-widget-container\">\n\t\t\t<style>\/*! elementor - v3.21.0 - 20-05-2024 *\/\n.elementor-widget-text-editor.elementor-drop-cap-view-stacked .elementor-drop-cap{background-color:#69727d;color:#fff}.elementor-widget-text-editor.elementor-drop-cap-view-framed .elementor-drop-cap{color:#69727d;border:3px solid;background-color:transparent}.elementor-widget-text-editor:not(.elementor-drop-cap-view-default) .elementor-drop-cap{margin-top:8px}.elementor-widget-text-editor:not(.elementor-drop-cap-view-default) .elementor-drop-cap-letter{width:1em;height:1em}.elementor-widget-text-editor .elementor-drop-cap{float:left;text-align:center;line-height:1;font-size:50px}.elementor-widget-text-editor .elementor-drop-cap-letter{display:inline-block}<\/style>\t\t\t\t<p><strong>1. \u00bfQu\u00e9 son las cookies?<\/strong><br \/>Las cookies son peque\u00f1os archivos de texto que se almacenan en su dispositivo cuando visita un sitio web. Nos ayudan a mejorar su experiencia en nuestro sitio recordando sus preferencias y habilitando determinadas funciones.<\/p><p><strong>2. Tipos de cookies que utilizamos<\/strong><\/p><ul><li><strong>Cookies necesarias:<\/strong> Estas cookies son esenciales para el funcionamiento del sitio web, como permitir un inicio de sesi\u00f3n seguro y recordar los datos de su reserva.<\/li><li><strong>Cookies anal\u00edticas:<\/strong> Utilizamos estas cookies para analizar c\u00f3mo los visitantes utilizan nuestro sitio web, lo que nos ayuda a mejorar su rendimiento y experiencia de usuario.<\/li><li><strong>Cookies de terceros:<\/strong> Pueden ser utilizadas por servicios externos, como plataformas de medios sociales y Google Analytics, para realizar un seguimiento de las interacciones en nuestro sitio.<\/li><\/ul><p><strong>3. Gesti\u00f3n de cookies<\/strong><br \/>Puede controlar el uso de cookies ajustando la configuraci\u00f3n de su navegador. Sin embargo, desactivar las cookies puede afectar a la funcionalidad de determinadas partes del sitio web.<\/p><p><strong>4. Actualizaciones de la Pol\u00edtica de Cookies<\/strong><br \/>Podemos actualizar esta Pol\u00edtica de Cookies de vez en cuando. Cualquier cambio ser\u00e1 publicado en esta p\u00e1gina, y la fecha de la actualizaci\u00f3n se reflejar\u00e1 en la parte superior de la p\u00e1gina.<\/p>\t\t\t\t\t\t<\/div>\n\t\t\t\t<\/div>\n\t\t\t\t<\/div>\n\t\t\t\t<\/div>","protected":false},"excerpt":{"rendered":"<p>Pol\u00edtica de cookies 1. \u00bfQu\u00e9 son las cookies? Las cookies son peque\u00f1os archivos de texto que se almacenan en su dispositivo cuando visita un sitio web. Nos ayudan a mejorar su experiencia en nuestro sitio recordando sus preferencias y habilitando determinadas funciones. 2. Tipos de cookies que utilizamos Cookies necesarias: Estas cookies son esenciales para el funcionamiento del sitio web, como [...]<\/p>","protected":false},"author":1,"featured_media":0,"parent":0,"menu_order":0,"comment_status":"closed","ping_status":"closed","template":"","meta":{"footnotes":""},"yoast_head":"<!-- This site is optimized with the Yoast SEO plugin v22.8 - https:\/\/yoast.com\/wordpress\/plugins\/seo\/ -->\n<title>Cookies Policy - Shanti Massage Center Marbella<\/title>\n<meta name=\"robots\" content=\"index, follow, max-snippet:-1, max-image-preview:large, max-video-preview:-1\" \/>\n<link rel=\"canonical\" href=\"https:\/\/shantimassagecentermarbella.com\/es\/cookies-policy\/\" \/>\n<meta property=\"og:locale\" content=\"es_ES\" \/>\n<meta property=\"og:type\" content=\"article\" \/>\n<meta property=\"og:title\" content=\"Cookies Policy - Shanti Massage Center Marbella\" \/>\n<meta property=\"og:description\" content=\"Cookies Policy 1. What Are Cookies?Cookies are small text files stored on your device when you visit a website. They help us improve your experience on our site by remembering your preferences and enabling certain features. 2. Types of Cookies We Use Necessary Cookies: These cookies are essential for the operation of the website, such [&hellip;]\" \/>\n<meta property=\"og:url\" content=\"https:\/\/shantimassagecentermarbella.com\/es\/cookies-policy\/\" \/>\n<meta property=\"og:site_name\" content=\"Shanti Massage Center Marbella\" \/>\n<meta property=\"article:modified_time\" content=\"2024-10-09T12:56:27+00:00\" \/>\n<meta name=\"twitter:card\" content=\"summary_large_image\" \/>\n<meta name=\"twitter:label1\" content=\"Tiempo de lectura\" \/>\n\t<meta name=\"twitter:data1\" content=\"1 minuto\" \/>\n<script type=\"application\/ld+json\" class=\"yoast-schema-graph\">{\"@context\":\"https:\/\/schema.org\",\"@graph\":[{\"@type\":\"WebPage\",\"@id\":\"https:\/\/shantimassagecentermarbella.com\/cookies-policy\/\",\"url\":\"https:\/\/shantimassagecentermarbella.com\/cookies-policy\/\",\"name\":\"Cookies Policy - Shanti Massage Center Marbella\",\"isPartOf\":{\"@id\":\"https:\/\/shantimassagecentermarbella.com\/#website\"},\"datePublished\":\"2024-10-09T12:54:07+00:00\",\"dateModified\":\"2024-10-09T12:56:27+00:00\",\"breadcrumb\":{\"@id\":\"https:\/\/shantimassagecentermarbella.com\/cookies-policy\/#breadcrumb\"},\"inLanguage\":\"es\",\"potentialAction\":[{\"@type\":\"ReadAction\",\"target\":[\"https:\/\/shantimassagecentermarbella.com\/cookies-policy\/\"]}]},{\"@type\":\"BreadcrumbList\",\"@id\":\"https:\/\/shantimassagecentermarbella.com\/cookies-policy\/#breadcrumb\",\"itemListElement\":[{\"@type\":\"ListItem\",\"position\":1,\"name\":\"Home\",\"item\":\"https:\/\/shantimassagecentermarbella.com\/\"},{\"@type\":\"ListItem\",\"position\":2,\"name\":\"Cookies Policy\"}]},{\"@type\":\"WebSite\",\"@id\":\"https:\/\/shantimassagecentermarbella.com\/#website\",\"url\":\"https:\/\/shantimassagecentermarbella.com\/\",\"name\":\"Shanti Massage Center Marbella\",\"description\":\"Descubre Shanti Massage Center en Puerto Ban\u00fas, Marbella, tu destino ideal para la sanaci\u00f3n hol\u00edstica y la relajaci\u00f3n. Ofrecemos t\u00e9cnicas de masaje avanzadas y terapias personalizadas. Experimenta la reducci\u00f3n del estr\u00e9s, mejora de la flexibilidad y paz interior con nuestros servicios expertos. Vis\u00edtanos en Puerto Ban\u00fas, Marbella, y transforma tu bienestar.\",\"publisher\":{\"@id\":\"https:\/\/shantimassagecentermarbella.com\/#organization\"},\"potentialAction\":[{\"@type\":\"SearchAction\",\"target\":{\"@type\":\"EntryPoint\",\"urlTemplate\":\"https:\/\/shantimassagecentermarbella.com\/?s={search_term_string}\"},\"query-input\":\"required name=search_term_string\"}],\"inLanguage\":\"es\"},{\"@type\":\"Organization\",\"@id\":\"https:\/\/shantimassagecentermarbella.com\/#organization\",\"name\":\"Shanti Massage Center Marbella\",\"url\":\"https:\/\/shantimassagecentermarbella.com\/\",\"logo\":{\"@type\":\"ImageObject\",\"inLanguage\":\"es\",\"@id\":\"https:\/\/shantimassagecentermarbella.com\/#\/schema\/logo\/image\/\",\"url\":\"https:\/\/shantimassagecentermarbella.com\/wp-content\/uploads\/2024\/05\/ENTRADA_DE_VIDRIO_page-0001-removebg-preview.png\",\"contentUrl\":\"https:\/\/shantimassagecentermarbella.com\/wp-content\/uploads\/2024\/05\/ENTRADA_DE_VIDRIO_page-0001-removebg-preview.png\",\"width\":647,\"height\":386,\"caption\":\"Shanti Massage Center Marbella\"},\"image\":{\"@id\":\"https:\/\/shantimassagecentermarbella.com\/#\/schema\/logo\/image\/\"}}]}<\/script>\n<!-- \/ Yoast SEO plugin. -->","yoast_head_json":{"title":"Cookies Policy - Shanti Massage Center Marbella","robots":{"index":"index","follow":"follow","max-snippet":"max-snippet:-1","max-image-preview":"max-image-preview:large","max-video-preview":"max-video-preview:-1"},"canonical":"https:\/\/shantimassagecentermarbella.com\/es\/cookies-policy\/","og_locale":"es_ES","og_type":"article","og_title":"Cookies Policy - Shanti Massage Center Marbella","og_description":"Cookies Policy 1. What Are Cookies?Cookies are small text files stored on your device when you visit a website. They help us improve your experience on our site by remembering your preferences and enabling certain features. 2. Types of Cookies We Use Necessary Cookies: These cookies are essential for the operation of the website, such [&hellip;]","og_url":"https:\/\/shantimassagecentermarbella.com\/es\/cookies-policy\/","og_site_name":"Shanti Massage Center Marbella","article_modified_time":"2024-10-09T12:56:27+00:00","twitter_card":"summary_large_image","twitter_misc":{"Tiempo de lectura":"1 minuto"},"schema":{"@context":"https:\/\/schema.org","@graph":[{"@type":"WebPage","@id":"https:\/\/shantimassagecentermarbella.com\/cookies-policy\/","url":"https:\/\/shantimassagecentermarbella.com\/cookies-policy\/","name":"Cookies Policy - Shanti Massage Center Marbella","isPartOf":{"@id":"https:\/\/shantimassagecentermarbella.com\/#website"},"datePublished":"2024-10-09T12:54:07+00:00","dateModified":"2024-10-09T12:56:27+00:00","breadcrumb":{"@id":"https:\/\/shantimassagecentermarbella.com\/cookies-policy\/#breadcrumb"},"inLanguage":"es","potentialAction":[{"@type":"ReadAction","target":["https:\/\/shantimassagecentermarbella.com\/cookies-policy\/"]}]},{"@type":"BreadcrumbList","@id":"https:\/\/shantimassagecentermarbella.com\/cookies-policy\/#breadcrumb","itemListElement":[{"@type":"ListItem","position":1,"name":"Home","item":"https:\/\/shantimassagecentermarbella.com\/"},{"@type":"ListItem","position":2,"name":"Cookies Policy"}]},{"@type":"WebSite","@id":"https:\/\/shantimassagecentermarbella.com\/#website","url":"https:\/\/shantimassagecentermarbella.com\/","name":"Shanti Massage Center Marbella","description":"Descubre Shanti Massage Center en Puerto Ban\u00fas, Marbella, tu destino ideal para la sanaci\u00f3n hol\u00edstica y la relajaci\u00f3n. Ofrecemos t\u00e9cnicas de masaje avanzadas y terapias personalizadas. Experimenta la reducci\u00f3n del estr\u00e9s, mejora de la flexibilidad y paz interior con nuestros servicios expertos. Vis\u00edtanos en Puerto Ban\u00fas, Marbella, y transforma tu bienestar.","publisher":{"@id":"https:\/\/shantimassagecentermarbella.com\/#organization"},"potentialAction":[{"@type":"SearchAction","target":{"@type":"EntryPoint","urlTemplate":"https:\/\/shantimassagecentermarbella.com\/?s={search_term_string}"},"query-input":"required name=search_term_string"}],"inLanguage":"es"},{"@type":"Organization","@id":"https:\/\/shantimassagecentermarbella.com\/#organization","name":"Shanti Massage Center Marbella","url":"https:\/\/shantimassagecentermarbella.com\/","logo":{"@type":"ImageObject","inLanguage":"es","@id":"https:\/\/shantimassagecentermarbella.com\/#\/schema\/logo\/image\/","url":"https:\/\/shantimassagecentermarbella.com\/wp-content\/uploads\/2024\/05\/ENTRADA_DE_VIDRIO_page-0001-removebg-preview.png","contentUrl":"https:\/\/shantimassagecentermarbella.com\/wp-content\/uploads\/2024\/05\/ENTRADA_DE_VIDRIO_page-0001-removebg-preview.png","width":647,"height":386,"caption":"Shanti Massage Center Marbella"},"image":{"@id":"https:\/\/shantimassagecentermarbella.com\/#\/schema\/logo\/image\/"}}]}},"_links":{"self":[{"href":"https:\/\/shantimassagecentermarbella.com\/es\/wp-json\/wp\/v2\/pages\/1577"}],"collection":[{"href":"https:\/\/shantimassagecentermarbella.com\/es\/wp-json\/wp\/v2\/pages"}],"about":[{"href":"https:\/\/shantimassagecentermarbella.com\/es\/wp-json\/wp\/v2\/types\/page"}],"author":[{"embeddable":true,"href":"https:\/\/shantimassagecentermarbella.com\/es\/wp-json\/wp\/v2\/users\/1"}],"replies":[{"embeddable":true,"href":"https:\/\/shantimassagecentermarbella.com\/es\/wp-json\/wp\/v2\/comments?post=1577"}],"version-history":[{"count":7,"href":"https:\/\/shantimassagecentermarbella.com\/es\/wp-json\/wp\/v2\/pages\/1577\/revisions"}],"predecessor-version":[{"id":1587,"href":"https:\/\/shantimassagecentermarbella.com\/es\/wp-json\/wp\/v2\/pages\/1577\/revisions\/1587"}],"wp:attachment":[{"href":"https:\/\/shantimassagecentermarbella.com\/es\/wp-json\/wp\/v2\/media?parent=1577"}],"curies":[{"name":"wp","href":"https:\/\/api.w.org\/{rel}","templated":true}]}}